{"id":1304,"date":"2020-07-16T16:17:10","date_gmt":"2020-07-16T13:17:10","guid":{"rendered":"https:\/\/nhf.dev.wmc.lv\/renovation\/fasades\/"},"modified":"2024-11-20T11:45:07","modified_gmt":"2024-11-20T08:45:07","slug":"wood-facades","status":"publish","type":"page","link":"https:\/\/nhf.lv\/en\/renovation\/wood-facades\/","title":{"rendered":"Wood Facade Renovation"},"content":{"rendered":"\n<p>NHF.lv specializes in restoring old wooden properties, working on both private homes and larger projects. Our team performs exterior facade restoration, which includes window and door restoration. We believe that historic wooden buildings have great value, so we take great care in preserving their authentic appearance. If any part has become damaged or lost its form, we replace it with new hardwood elements that not only maintain the building&#8217;s historical charm but also extend its lifespan using modern technology. By restoring wooden properties, we not only enhance the building\u2019s look but also help revitalize the entire neighborhood, breathing new life into it and giving it a unique character. Each project is customized to meet individual needs, ensuring the highest quality and longevity.<\/p>\n\n\n\n<p>In Latvia, we try to help receive Riga municipal co-financing in order to financially support homeowners and enable them to carry out restoration work.<\/p>\n\n\n\n<p>We renovate old wood facades also with Riga City Council co-funding. More information here:&nbsp;<a rel=\"noreferrer noopener\" href=\"https:\/\/atjauno.riga.lv\/\" target=\"_blank\">atjauno.riga.lv\/<\/a><\/p>\n\n\n\n<ul class=\"wp-block-list\">\n<li><em><strong><a aria-label=\"NHF catalogue (opens in a new tab)\" class=\"ek-link\" href=\"https:\/\/nhf.lv\/wp-content\/uploads\/2021\/10\/NHF-katalogs-renovation-new-hardwood-restauracija-razots-latvija.pdf\" target=\"_blank\" rel=\"noreferrer noopener\">NHF catalogue<\/a><\/strong><\/em> <\/li>\n<\/ul>\n","protected":false},"excerpt":{"rendered":"<p>NHF.lv specializes in restoring old wooden properties, working on both private homes and larger projects. Our team performs exterior facade restoration, which includes window and door restoration. We believe that historic wooden buildings have great value, so we take great care in preserving their authentic appearance. If any part has become damaged or lost its [&hellip;]<\/p>\n","protected":false},"author":2,"featured_media":1956,"parent":1269,"menu_order":3,"comment_status":"closed","ping_status":"closed","template":"page-renovation-open.php","meta":{"_acf_changed":false,"_editorskit_title_hidden":false,"_editorskit_reading_time":1,"_editorskit_is_block_options_detached":false,"_editorskit_block_options_position":"{}","footnotes":""},"class_list":["post-1304","page","type-page","status-publish","has-post-thumbnail","hentry"],"acf":[],"yoast_head":"<!-- This site is optimized with the Yoast SEO plugin v27.4 - https:\/\/yoast.com\/product\/yoast-seo-wordpress\/ -->\n<title>Wood Facade Renovation - NHF<\/title>\n<meta name=\"description\" content=\"Restoration of old wooden properties: facade restoration, window and door renovation with hardwood elements. Preserve historical character and extend the building\u2019s lifespan.\" \/>\n<meta name=\"robots\" content=\"index, follow, max-snippet:-1, max-image-preview:large, max-video-preview:-1\" \/>\n<link rel=\"canonical\" href=\"https:\/\/nhf.lv\/en\/renovation\/wood-facades\/\" \/>\n<meta property=\"og:locale\" content=\"en_US\" \/>\n<meta property=\"og:type\" content=\"article\" \/>\n<meta property=\"og:title\" content=\"Wood Facade Renovation - NHF\" \/>\n<meta property=\"og:description\" content=\"Restoration of old wooden properties: facade restoration, window and door renovation with hardwood elements. Preserve historical character and extend the building\u2019s lifespan.\" \/>\n<meta property=\"og:url\" content=\"https:\/\/nhf.lv\/en\/renovation\/wood-facades\/\" \/>\n<meta property=\"og:site_name\" content=\"NHF\" \/>\n<meta property=\"article:publisher\" content=\"https:\/\/www.facebook.com\/nhf.lv\/\" \/>\n<meta property=\"article:modified_time\" content=\"2024-11-20T08:45:07+00:00\" \/>\n<meta property=\"og:image\" content=\"https:\/\/nhf.lv\/wp-content\/uploads\/2020\/09\/NHF-atjauno\u0161ana-koka-\u0113ka-wood-facade.jpg\" \/>\n\t<meta property=\"og:image:width\" content=\"600\" \/>\n\t<meta property=\"og:image:height\" content=\"600\" \/>\n\t<meta property=\"og:image:type\" content=\"image\/jpeg\" \/>\n<meta name=\"twitter:card\" content=\"summary_large_image\" \/>\n<meta name=\"twitter:label1\" content=\"Est. reading time\" \/>\n\t<meta name=\"twitter:data1\" content=\"2 minutes\" \/>\n<script type=\"application\/ld+json\" class=\"yoast-schema-graph\">{\"@context\":\"https:\\\/\\\/schema.org\",\"@graph\":[{\"@type\":\"WebPage\",\"@id\":\"https:\\\/\\\/nhf.lv\\\/en\\\/renovation\\\/wood-facades\\\/\",\"url\":\"https:\\\/\\\/nhf.lv\\\/en\\\/renovation\\\/wood-facades\\\/\",\"name\":\"Wood Facade Renovation - NHF\",\"isPartOf\":{\"@id\":\"https:\\\/\\\/nhf.lv\\\/en\\\/#website\"},\"primaryImageOfPage\":{\"@id\":\"https:\\\/\\\/nhf.lv\\\/en\\\/renovation\\\/wood-facades\\\/#primaryimage\"},\"image\":{\"@id\":\"https:\\\/\\\/nhf.lv\\\/en\\\/renovation\\\/wood-facades\\\/#primaryimage\"},\"thumbnailUrl\":\"https:\\\/\\\/nhf.lv\\\/wp-content\\\/uploads\\\/2020\\\/09\\\/NHF-atjauno\u0161ana-koka-\u0113ka-wood-facade.jpg\",\"datePublished\":\"2020-07-16T13:17:10+00:00\",\"dateModified\":\"2024-11-20T08:45:07+00:00\",\"description\":\"Restoration of old wooden properties: facade restoration, window and door renovation with hardwood elements. Preserve historical character and extend the building\u2019s lifespan.\",\"breadcrumb\":{\"@id\":\"https:\\\/\\\/nhf.lv\\\/en\\\/renovation\\\/wood-facades\\\/#breadcrumb\"},\"inLanguage\":\"en-US\",\"potentialAction\":[{\"@type\":\"ReadAction\",\"target\":[\"https:\\\/\\\/nhf.lv\\\/en\\\/renovation\\\/wood-facades\\\/\"]}]},{\"@type\":\"ImageObject\",\"inLanguage\":\"en-US\",\"@id\":\"https:\\\/\\\/nhf.lv\\\/en\\\/renovation\\\/wood-facades\\\/#primaryimage\",\"url\":\"https:\\\/\\\/nhf.lv\\\/wp-content\\\/uploads\\\/2020\\\/09\\\/NHF-atjauno\u0161ana-koka-\u0113ka-wood-facade.jpg\",\"contentUrl\":\"https:\\\/\\\/nhf.lv\\\/wp-content\\\/uploads\\\/2020\\\/09\\\/NHF-atjauno\u0161ana-koka-\u0113ka-wood-facade.jpg\",\"width\":600,\"height\":600,\"caption\":\"Nhf Atjauno\u0161ana Koka \u0113ka Wood Facade\"},{\"@type\":\"BreadcrumbList\",\"@id\":\"https:\\\/\\\/nhf.lv\\\/en\\\/renovation\\\/wood-facades\\\/#breadcrumb\",\"itemListElement\":[{\"@type\":\"ListItem\",\"position\":1,\"name\":\"Home\",\"item\":\"https:\\\/\\\/nhf.lv\\\/en\\\/\"},{\"@type\":\"ListItem\",\"position\":2,\"name\":\"Renovation\",\"item\":\"https:\\\/\\\/nhf.lv\\\/en\\\/renovation\\\/\"},{\"@type\":\"ListItem\",\"position\":3,\"name\":\"Wood Facade Renovation\"}]},{\"@type\":\"WebSite\",\"@id\":\"https:\\\/\\\/nhf.lv\\\/en\\\/#website\",\"url\":\"https:\\\/\\\/nhf.lv\\\/en\\\/\",\"name\":\"NHF\",\"description\":\"\",\"publisher\":{\"@id\":\"https:\\\/\\\/nhf.lv\\\/en\\\/#organization\"},\"potentialAction\":[{\"@type\":\"SearchAction\",\"target\":{\"@type\":\"EntryPoint\",\"urlTemplate\":\"https:\\\/\\\/nhf.lv\\\/en\\\/?s={search_term_string}\"},\"query-input\":{\"@type\":\"PropertyValueSpecification\",\"valueRequired\":true,\"valueName\":\"search_term_string\"}}],\"inLanguage\":\"en-US\"},{\"@type\":\"Organization\",\"@id\":\"https:\\\/\\\/nhf.lv\\\/en\\\/#organization\",\"name\":\"Nordic Hardwood Factory\",\"url\":\"https:\\\/\\\/nhf.lv\\\/en\\\/\",\"logo\":{\"@type\":\"ImageObject\",\"inLanguage\":\"en-US\",\"@id\":\"https:\\\/\\\/nhf.lv\\\/en\\\/#\\\/schema\\\/logo\\\/image\\\/\",\"url\":\"https:\\\/\\\/nhf.lv\\\/wp-content\\\/uploads\\\/2020\\\/06\\\/Logo.png\",\"contentUrl\":\"https:\\\/\\\/nhf.lv\\\/wp-content\\\/uploads\\\/2020\\\/06\\\/Logo.png\",\"width\":400,\"height\":45,\"caption\":\"Nordic Hardwood Factory\"},\"image\":{\"@id\":\"https:\\\/\\\/nhf.lv\\\/en\\\/#\\\/schema\\\/logo\\\/image\\\/\"},\"sameAs\":[\"https:\\\/\\\/www.facebook.com\\\/nhf.lv\\\/\",\"https:\\\/\\\/www.instagram.com\\\/nhf.lv\\\/\",\"https:\\\/\\\/lv.linkedin.com\\\/company\\\/nordic-hardwood-factory?trk=public_profile_topcard_current_company\"]}]}<\/script>\n<!-- \/ Yoast SEO plugin. -->","yoast_head_json":{"title":"Wood Facade Renovation - NHF","description":"Restoration of old wooden properties: facade restoration, window and door renovation with hardwood elements. Preserve historical character and extend the building\u2019s lifespan.","robots":{"index":"index","follow":"follow","max-snippet":"max-snippet:-1","max-image-preview":"max-image-preview:large","max-video-preview":"max-video-preview:-1"},"canonical":"https:\/\/nhf.lv\/en\/renovation\/wood-facades\/","og_locale":"en_US","og_type":"article","og_title":"Wood Facade Renovation - NHF","og_description":"Restoration of old wooden properties: facade restoration, window and door renovation with hardwood elements. Preserve historical character and extend the building\u2019s lifespan.","og_url":"https:\/\/nhf.lv\/en\/renovation\/wood-facades\/","og_site_name":"NHF","article_publisher":"https:\/\/www.facebook.com\/nhf.lv\/","article_modified_time":"2024-11-20T08:45:07+00:00","og_image":[{"width":600,"height":600,"url":"https:\/\/nhf.lv\/wp-content\/uploads\/2020\/09\/NHF-atjauno\u0161ana-koka-\u0113ka-wood-facade.jpg","type":"image\/jpeg"}],"twitter_card":"summary_large_image","twitter_misc":{"Est. reading time":"2 minutes"},"schema":{"@context":"https:\/\/schema.org","@graph":[{"@type":"WebPage","@id":"https:\/\/nhf.lv\/en\/renovation\/wood-facades\/","url":"https:\/\/nhf.lv\/en\/renovation\/wood-facades\/","name":"Wood Facade Renovation - NHF","isPartOf":{"@id":"https:\/\/nhf.lv\/en\/#website"},"primaryImageOfPage":{"@id":"https:\/\/nhf.lv\/en\/renovation\/wood-facades\/#primaryimage"},"image":{"@id":"https:\/\/nhf.lv\/en\/renovation\/wood-facades\/#primaryimage"},"thumbnailUrl":"https:\/\/nhf.lv\/wp-content\/uploads\/2020\/09\/NHF-atjauno\u0161ana-koka-\u0113ka-wood-facade.jpg","datePublished":"2020-07-16T13:17:10+00:00","dateModified":"2024-11-20T08:45:07+00:00","description":"Restoration of old wooden properties: facade restoration, window and door renovation with hardwood elements. Preserve historical character and extend the building\u2019s lifespan.","breadcrumb":{"@id":"https:\/\/nhf.lv\/en\/renovation\/wood-facades\/#breadcrumb"},"inLanguage":"en-US","potentialAction":[{"@type":"ReadAction","target":["https:\/\/nhf.lv\/en\/renovation\/wood-facades\/"]}]},{"@type":"ImageObject","inLanguage":"en-US","@id":"https:\/\/nhf.lv\/en\/renovation\/wood-facades\/#primaryimage","url":"https:\/\/nhf.lv\/wp-content\/uploads\/2020\/09\/NHF-atjauno\u0161ana-koka-\u0113ka-wood-facade.jpg","contentUrl":"https:\/\/nhf.lv\/wp-content\/uploads\/2020\/09\/NHF-atjauno\u0161ana-koka-\u0113ka-wood-facade.jpg","width":600,"height":600,"caption":"Nhf Atjauno\u0161ana Koka \u0113ka Wood Facade"},{"@type":"BreadcrumbList","@id":"https:\/\/nhf.lv\/en\/renovation\/wood-facades\/#breadcrumb","itemListElement":[{"@type":"ListItem","position":1,"name":"Home","item":"https:\/\/nhf.lv\/en\/"},{"@type":"ListItem","position":2,"name":"Renovation","item":"https:\/\/nhf.lv\/en\/renovation\/"},{"@type":"ListItem","position":3,"name":"Wood Facade Renovation"}]},{"@type":"WebSite","@id":"https:\/\/nhf.lv\/en\/#website","url":"https:\/\/nhf.lv\/en\/","name":"NHF","description":"","publisher":{"@id":"https:\/\/nhf.lv\/en\/#organization"},"potentialAction":[{"@type":"SearchAction","target":{"@type":"EntryPoint","urlTemplate":"https:\/\/nhf.lv\/en\/?s={search_term_string}"},"query-input":{"@type":"PropertyValueSpecification","valueRequired":true,"valueName":"search_term_string"}}],"inLanguage":"en-US"},{"@type":"Organization","@id":"https:\/\/nhf.lv\/en\/#organization","name":"Nordic Hardwood Factory","url":"https:\/\/nhf.lv\/en\/","logo":{"@type":"ImageObject","inLanguage":"en-US","@id":"https:\/\/nhf.lv\/en\/#\/schema\/logo\/image\/","url":"https:\/\/nhf.lv\/wp-content\/uploads\/2020\/06\/Logo.png","contentUrl":"https:\/\/nhf.lv\/wp-content\/uploads\/2020\/06\/Logo.png","width":400,"height":45,"caption":"Nordic Hardwood Factory"},"image":{"@id":"https:\/\/nhf.lv\/en\/#\/schema\/logo\/image\/"},"sameAs":["https:\/\/www.facebook.com\/nhf.lv\/","https:\/\/www.instagram.com\/nhf.lv\/","https:\/\/lv.linkedin.com\/company\/nordic-hardwood-factory?trk=public_profile_topcard_current_company"]}]}},"_links":{"self":[{"href":"https:\/\/nhf.lv\/en\/wp-json\/wp\/v2\/pages\/1304","targetHints":{"allow":["GET"]}}],"collection":[{"href":"https:\/\/nhf.lv\/en\/wp-json\/wp\/v2\/pages"}],"about":[{"href":"https:\/\/nhf.lv\/en\/wp-json\/wp\/v2\/types\/page"}],"author":[{"embeddable":true,"href":"https:\/\/nhf.lv\/en\/wp-json\/wp\/v2\/users\/2"}],"replies":[{"embeddable":true,"href":"https:\/\/nhf.lv\/en\/wp-json\/wp\/v2\/comments?post=1304"}],"version-history":[{"count":11,"href":"https:\/\/nhf.lv\/en\/wp-json\/wp\/v2\/pages\/1304\/revisions"}],"predecessor-version":[{"id":3443,"href":"https:\/\/nhf.lv\/en\/wp-json\/wp\/v2\/pages\/1304\/revisions\/3443"}],"up":[{"embeddable":true,"href":"https:\/\/nhf.lv\/en\/wp-json\/wp\/v2\/pages\/1269"}],"wp:featuredmedia":[{"embeddable":true,"href":"https:\/\/nhf.lv\/en\/wp-json\/wp\/v2\/media\/1956"}],"wp:attachment":[{"href":"https:\/\/nhf.lv\/en\/wp-json\/wp\/v2\/media?parent=1304"}],"curies":[{"name":"wp","href":"https:\/\/api.w.org\/{rel}","templated":true}]}}